{"id":263,"date":"2021-01-11T19:04:42","date_gmt":"2021-01-11T16:04:42","guid":{"rendered":"http:\/\/geranoikastis.com\/?page_id=263"},"modified":"2021-01-13T22:00:14","modified_gmt":"2021-01-13T19:00:14","slug":"%ce%b5%cf%84%ce%b1%ce%b9%cf%81%ce%b5%ce%af%ce%b1","status":"publish","type":"page","link":"https:\/\/geranoikastis.com\/de\/%ce%b5%cf%84%ce%b1%ce%b9%cf%81%ce%b5%ce%af%ce%b1\/","title":{"rendered":"UNTERNEHMEN"},"content":{"rendered":"<div data-elementor-type=\"wp-page\" data-elementor-id=\"263\" class=\"elementor elementor-263\" data-elementor-post-type=\"page\">\n\t\t\t\t\t\t<section class=\"elementor-section elementor-top-section elementor-element elementor-element-a4e4596 elementor-section-boxed elementor-section-height-default elementor-section-height-default\" data-id=\"a4e4596\" data-element_type=\"section\">\n\t\t\t\t\t\t<div class=\"elementor-container elementor-column-gap-default\">\n\t\t\t\t\t<div class=\"elementor-column elementor-col-100 elementor-top-column elementor-element elementor-element-c694a7b\" data-id=\"c694a7b\" data-element_type=\"column\">\n\t\t\t<div class=\"elementor-widget-wrap elementor-element-populated\">\n\t\t\t\t\t\t<div class=\"elementor-element elementor-element-6087540 elementor-widget elementor-widget-text-editor\" data-id=\"6087540\" data-element_type=\"widget\" data-widget_type=\"text-editor.default\">\n\t\t\t\t<div class=\"elementor-widget-container\">\n\t\t\t\t\t\t\t<ul><li>Die Firma KASTIS in Rhodos, die in der Vermietung von Kr\u00e4nen aller Art t\u00e4tig ist, ist ein Familienunternehmen, dessen Hauptanliegen der Fortschritt und die Modernisierung ist, um seine st\u00e4ndig wachsende Kundschaft voll zufrieden zu stellen.<\/li><li>Unser Unternehmen befindet sich auf einem Privatgrundst\u00fcck in Rhodos, in der Gegend von Koskinou. Wir verf\u00fcgen \u00fcber Maschinen verschiedener Typen, die sich in einem ausgezeichneten Zustand befinden und \u00fcber g\u00fcltige Betriebszertifikate verf\u00fcgen, die das korrekte und vor allem sichere Be- und Entladen, den Transport und das Heben aller Arten von G\u00fctern garantieren.<\/li><li>Unsere hochqualifizierten Mitarbeiter verf\u00fcgen ausnahmslos \u00fcber alle gesetzlich vorgeschriebenen Zertifikate. Mit jahrelanger Erfahrung, Best\u00e4ndigkeit, garantierter Sicherheit und Zuverl\u00e4ssigkeit sind wir bereit, jeden Auftrag, den Sie uns erteilen, anzunehmen und L\u00f6sungen vorzuschlagen. Wir arbeiten auf der ganzen Insel Rhodos, aber auch in ganz Griechenland.<\/li><\/ul>\t\t\t\t\t\t<\/div>\n\t\t\t\t<\/div>\n\t\t\t\t\t<\/div>\n\t\t<\/div>\n\t\t\t\t\t<\/div>\n\t\t<\/section>\n\t\t\t\t<section class=\"elementor-section elementor-top-section elementor-element elementor-element-a8179bd elementor-section-boxed elementor-section-height-default elementor-section-height-default\" data-id=\"a8179bd\" data-element_type=\"section\">\n\t\t\t\t\t\t<div class=\"elementor-container elementor-column-gap-default\">\n\t\t\t\t\t<div class=\"elementor-column elementor-col-100 elementor-top-column elementor-element elementor-element-bf2205a jobs\" data-id=\"bf2205a\" data-element_type=\"column\" data-settings=\"{&quot;background_background&quot;:&quot;classic&quot;}\">\n\t\t\t<div class=\"elementor-widget-wrap elementor-element-populated\">\n\t\t\t\t\t\t<div class=\"elementor-element elementor-element-9181bdb elementor-widget elementor-widget-heading\" data-id=\"9181bdb\" data-element_type=\"widget\" data-widget_type=\"heading.default\">\n\t\t\t\t<div class=\"elementor-widget-container\">\n\t\t\t<h2 class=\"elementor-heading-title elementor-size-default\">Was wir unternehmen...<\/h2>\t\t<\/div>\n\t\t\t\t<\/div>\n\t\t\t\t\t<\/div>\n\t\t<\/div>\n\t\t\t\t\t<\/div>\n\t\t<\/section>\n\t\t\t\t<section class=\"elementor-section elementor-top-section elementor-element elementor-element-3c60b06 elementor-section-boxed elementor-section-height-default elementor-section-height-default\" data-id=\"3c60b06\" data-element_type=\"section\">\n\t\t\t\t\t\t<div class=\"elementor-container elementor-column-gap-default\">\n\t\t\t\t\t<div class=\"elementor-column elementor-col-50 elementor-top-column elementor-element elementor-element-11e1965\" data-id=\"11e1965\" data-element_type=\"column\">\n\t\t\t<div class=\"elementor-widget-wrap elementor-element-populated\">\n\t\t\t\t\t\t<div class=\"elementor-element elementor-element-b91f610 elementor-widget elementor-widget-text-editor\" data-id=\"b91f610\" data-element_type=\"widget\" data-widget_type=\"text-editor.default\">\n\t\t\t\t<div class=\"elementor-widget-container\">\n\t\t\t\t\t\t\t<ul><li>Erhebungen<\/li><li>Transport<\/li><li>\u00d6ffentliche und private Projekte<\/li><li>Hebedienstleistungen &amp; Kranvermietung<\/li><li>Verleih von zertifizierten K\u00f6rben f\u00fcr alle Arten von Arbeiten (Fensterputzen, Baumschnitt und jede Art von Arbeit)<\/li><\/ul>\t\t\t\t\t\t<\/div>\n\t\t\t\t<\/div>\n\t\t\t\t\t<\/div>\n\t\t<\/div>\n\t\t\t\t<div class=\"elementor-column elementor-col-50 elementor-top-column elementor-element elementor-element-02c9a34\" data-id=\"02c9a34\" data-element_type=\"column\">\n\t\t\t<div class=\"elementor-widget-wrap elementor-element-populated\">\n\t\t\t\t\t\t<div class=\"elementor-element elementor-element-2d60ae7 elementor-widget elementor-widget-text-editor\" data-id=\"2d60ae7\" data-element_type=\"widget\" data-widget_type=\"text-editor.default\">\n\t\t\t\t<div class=\"elementor-widget-container\">\n\t\t\t\t\t\t\t<ul><li>Umz\u00fcge<\/li><li>Arbeit in Hotels<\/li><li>Business<\/li><li>H\u00e4user<\/li><li>Mehrfamilienh\u00e4user<\/li><li>H\u00e4fen &amp; Flugh\u00e4fen<\/li><\/ul>\t\t\t\t\t\t<\/div>\n\t\t\t\t<\/div>\n\t\t\t\t\t<\/div>\n\t\t<\/div>\n\t\t\t\t\t<\/div>\n\t\t<\/section>\n\t\t\t\t<section class=\"elementor-section elementor-top-section elementor-element elementor-element-e1cb57c elementor-section-boxed elementor-section-height-default elementor-section-height-default\" data-id=\"e1cb57c\" data-element_type=\"section\">\n\t\t\t\t\t\t<div class=\"elementor-container elementor-column-gap-default\">\n\t\t\t\t\t<div class=\"elementor-column elementor-col-100 elementor-top-column elementor-element elementor-element-c973e16\" data-id=\"c973e16\" data-element_type=\"column\">\n\t\t\t<div class=\"elementor-widget-wrap\">\n\t\t\t\t\t\t\t<\/div>\n\t\t<\/div>\n\t\t\t\t\t<\/div>\n\t\t<\/section>\n\t\t\t\t<section class=\"elementor-section elementor-top-section elementor-element elementor-element-b951392 elementor-section-boxed elementor-section-height-default elementor-section-height-default\" data-id=\"b951392\" data-element_type=\"section\">\n\t\t\t\t\t\t<div class=\"elementor-container elementor-column-gap-default\">\n\t\t\t\t\t<div class=\"elementor-column elementor-col-100 elementor-top-column elementor-element elementor-element-5bb1345\" data-id=\"5bb1345\" data-element_type=\"column\">\n\t\t\t<div class=\"elementor-widget-wrap elementor-element-populated\">\n\t\t\t\t\t\t<div class=\"elementor-element elementor-element-7b4bd1d elementor-widget elementor-widget-text-editor\" data-id=\"7b4bd1d\" data-element_type=\"widget\" data-widget_type=\"text-editor.default\">\n\t\t\t\t<div class=\"elementor-widget-container\">\n\t\t\t\t\t\t\t<h2>\u00d6ffnen Sie <text style=\"color:#FFDC00\">24 Stunden<\/text> rund um die Uhr und an allen Tagen der Woche.<\/h2>\t\t\t\t\t\t<\/div>\n\t\t\t\t<\/div>\n\t\t\t\t\t<\/div>\n\t\t<\/div>\n\t\t\t\t\t<\/div>\n\t\t<\/section>\n\t\t\t\t<\/div>","protected":false},"excerpt":{"rendered":"<p>Die Firma KASTIS in Rhodos, die in der Vermietung von Kr\u00e4nen aller Art t\u00e4tig ist, ist ein Familienunternehmen, dessen Hauptanliegen der Fortschritt und die Modernisierung ist, um seine st\u00e4ndig wachsende Kundschaft voll zufrieden zu stellen. Unser Unternehmen befindet sich auf einem Privatgrundst\u00fcck in Rhodos, in der Gegend von Koskinou. Wir verf\u00fcgen \u00fcber Maschinen verschiedener Art, in [...]<\/p>","protected":false},"author":1,"featured_media":0,"parent":0,"menu_order":0,"comment_status":"closed","ping_status":"closed","template":"","meta":{"footnotes":""},"_links":{"self":[{"href":"https:\/\/geranoikastis.com\/de\/wp-json\/wp\/v2\/pages\/263"}],"collection":[{"href":"https:\/\/geranoikastis.com\/de\/wp-json\/wp\/v2\/pages"}],"about":[{"href":"https:\/\/geranoikastis.com\/de\/wp-json\/wp\/v2\/types\/page"}],"author":[{"embeddable":true,"href":"https:\/\/geranoikastis.com\/de\/wp-json\/wp\/v2\/users\/1"}],"replies":[{"embeddable":true,"href":"https:\/\/geranoikastis.com\/de\/wp-json\/wp\/v2\/comments?post=263"}],"version-history":[{"count":0,"href":"https:\/\/geranoikastis.com\/de\/wp-json\/wp\/v2\/pages\/263\/revisions"}],"wp:attachment":[{"href":"https:\/\/geranoikastis.com\/de\/wp-json\/wp\/v2\/media?parent=263"}],"curies":[{"name":"wp","href":"https:\/\/api.w.org\/{rel}","templated":true}]}}