{"id":372,"date":"2024-01-04T18:35:58","date_gmt":"2024-01-04T15:35:58","guid":{"rendered":"https:\/\/geranoikastis.com\/?page_id=372"},"modified":"2025-10-30T02:42:14","modified_gmt":"2025-10-29T23:42:14","slug":"%ce%b3%ce%b5%cf%81%ce%b1%ce%bd%ce%bf%ce%af-%ce%ba%ce%b1%cf%83%cf%84%ce%ae%cf%82-%cf%81%cf%8c%ce%b4%ce%bf%cf%82","status":"publish","type":"page","link":"https:\/\/geranoikastis.com\/de\/","title":{"rendered":"HOME"},"content":{"rendered":"<div data-elementor-type=\"wp-page\" data-elementor-id=\"372\" class=\"elementor elementor-372\" data-elementor-post-type=\"page\">\n\t\t\t\t\t\t<section class=\"elementor-section elementor-top-section elementor-element elementor-element-768a232f elementor-section-height-min-height elementor-section-boxed elementor-section-height-default elementor-section-items-middle\" data-id=\"768a232f\" data-element_type=\"section\">\n\t\t\t\t\t\t<div class=\"elementor-container elementor-column-gap-default\">\n\t\t\t\t\t<div class=\"elementor-column elementor-col-100 elementor-top-column elementor-element elementor-element-444e39a3\" data-id=\"444e39a3\" data-element_type=\"column\">\n\t\t\t<div class=\"elementor-widget-wrap elementor-element-populated\">\n\t\t\t\t\t\t<section class=\"elementor-section elementor-inner-section elementor-element elementor-element-145159a8 elementor-section-boxed elementor-section-height-default elementor-section-height-default\" data-id=\"145159a8\" data-element_type=\"section\">\n\t\t\t\t\t\t<div class=\"elementor-container elementor-column-gap-default\">\n\t\t\t\t\t<div class=\"elementor-column elementor-col-50 elementor-inner-column elementor-element elementor-element-33836a91\" data-id=\"33836a91\" data-element_type=\"column\">\n\t\t\t<div class=\"elementor-widget-wrap elementor-element-populated\">\n\t\t\t\t\t\t<div class=\"elementor-element elementor-element-31bb61a5 elementor-widget elementor-widget-heading\" data-id=\"31bb61a5\" data-element_type=\"widget\" data-widget_type=\"heading.default\">\n\t\t\t\t<div class=\"elementor-widget-container\">\n\t\t\t<h1 class=\"elementor-heading-title elementor-size-default\">W\u00e4hlen Sie sicheres Heben f\u00fcr Ihre Projekte.<\/h1>\t\t<\/div>\n\t\t\t\t<\/div>\n\t\t\t\t<div class=\"elementor-element elementor-element-188da03c elementor-widget elementor-widget-text-editor\" data-id=\"188da03c\" data-element_type=\"widget\" data-widget_type=\"text-editor.default\">\n\t\t\t\t<div class=\"elementor-widget-container\">\n\t\t\t\t\t\t\tWir von Cranes Kastis in Rhodos bieten Ihnen zuverl\u00e4ssige Hebe- und Lastentransferservices mit moderner Ausr\u00fcstung und erfahrenen Bedienern. Wir sind da, um sofort auf Ihre Projektanforderungen zu reagieren, mit Sicherheit und Professionalit\u00e4t.\n\n<br><br>\n\nMit Fachwissen, Pr\u00e4zision und direktem Service auf ganz Rhodos \u00fcbernehmen wir jeden Hebeauftrag - von Baumaterialien bis hin zu schweren und speziellen Lasten - und bieten L\u00f6sungen, die auf die Anforderungen jedes Projekts zugeschnitten sind.\t\t\t\t\t\t<\/div>\n\t\t\t\t<\/div>\n\t\t\t\t\t<\/div>\n\t\t<\/div>\n\t\t\t\t<div class=\"elementor-column elementor-col-50 elementor-inner-column elementor-element elementor-element-13c76831\" data-id=\"13c76831\" data-element_type=\"column\">\n\t\t\t<div class=\"elementor-widget-wrap elementor-element-populated\">\n\t\t\t\t\t\t<div class=\"elementor-element elementor-element-6b3e679d elementor-widget elementor-widget-image\" data-id=\"6b3e679d\" data-element_type=\"widget\" alt=\"\" data-widget_type=\"image.default\">\n\t\t\t\t<div class=\"elementor-widget-container\">\n\t\t\t\t\t\t\t\t\t\t<figure class=\"wp-caption\">\n\t\t\t\t\t\t\t\t\t\t<img fetchpriority=\"high\" decoding=\"async\" width=\"960\" height=\"1280\" src=\"https:\/\/geranoikastis.com\/wp-content\/uploads\/2019\/08\/IMG-2c4fa761460edd9cf8df959c9623fc13-V.jpg\" class=\"attachment-full size-full wp-image-192\" alt=\"\" srcset=\"https:\/\/geranoikastis.com\/wp-content\/uploads\/2019\/08\/IMG-2c4fa761460edd9cf8df959c9623fc13-V.jpg 960w, https:\/\/geranoikastis.com\/wp-content\/uploads\/2019\/08\/IMG-2c4fa761460edd9cf8df959c9623fc13-V-225x300.jpg 225w, https:\/\/geranoikastis.com\/wp-content\/uploads\/2019\/08\/IMG-2c4fa761460edd9cf8df959c9623fc13-V-768x1024.jpg 768w\" sizes=\"(max-width: 960px) 100vw, 960px\" \/>\t\t\t\t\t\t\t\t\t\t\t<figcaption class=\"widget-image-caption wp-caption-text\"><\/figcaption>\n\t\t\t\t\t\t\t\t\t\t<\/figure>\n\t\t\t\t\t\t\t<\/div>\n\t\t\t\t<\/div>\n\t\t\t\t\t<\/div>\n\t\t<\/div>\n\t\t\t\t\t<\/div>\n\t\t<\/section>\n\t\t\t\t\t<\/div>\n\t\t<\/div>\n\t\t\t\t\t<\/div>\n\t\t<\/section>\n\t\t\t\t<section class=\"elementor-section elementor-top-section elementor-element elementor-element-26e1188 elementor-section-boxed elementor-section-height-default elementor-section-height-default\" data-id=\"26e1188\" data-element_type=\"section\">\n\t\t\t\t\t\t<div class=\"elementor-container elementor-column-gap-default\">\n\t\t\t\t\t<div class=\"elementor-column elementor-col-100 elementor-top-column elementor-element elementor-element-8d789b7 jobs\" data-id=\"8d789b7\" data-element_type=\"column\" data-settings=\"{&quot;background_background&quot;:&quot;classic&quot;}\">\n\t\t\t<div class=\"elementor-widget-wrap elementor-element-populated\">\n\t\t\t\t\t\t<div class=\"elementor-element elementor-element-1491d97 elementor-widget elementor-widget-heading\" data-id=\"1491d97\" data-element_type=\"widget\" data-widget_type=\"heading.default\">\n\t\t\t\t<div class=\"elementor-widget-container\">\n\t\t\t<h2 class=\"elementor-heading-title elementor-size-default\">Unsere Dienstleistungen<\/h2>\t\t<\/div>\n\t\t\t\t<\/div>\n\t\t\t\t\t<\/div>\n\t\t<\/div>\n\t\t\t\t\t<\/div>\n\t\t<\/section>\n\t\t\t\t<section class=\"elementor-section elementor-top-section elementor-element elementor-element-19c1d6c0 elementor-section-boxed elementor-section-height-default elementor-section-height-default\" data-id=\"19c1d6c0\" data-element_type=\"section\">\n\t\t\t\t\t\t<div class=\"elementor-container elementor-column-gap-default\">\n\t\t\t\t\t<div class=\"elementor-column elementor-col-100 elementor-top-column elementor-element elementor-element-6bf1ba8d\" data-id=\"6bf1ba8d\" data-element_type=\"column\">\n\t\t\t<div class=\"elementor-widget-wrap elementor-element-populated\">\n\t\t\t\t\t\t<div class=\"elementor-element elementor-element-796654ff elementor-widget elementor-widget-text-editor\" data-id=\"796654ff\" data-element_type=\"widget\" data-widget_type=\"text-editor.default\">\n\t\t\t\t<div class=\"elementor-widget-container\">\n\t\t\t\t\t\t\tWir bieten spezialisierte Kranservices, die auf die Bed\u00fcrfnisse jedes einzelnen Projekts zugeschnitten sind. Wir steigern die Effizienz und sorgen f\u00fcr eine reibungslose Ausf\u00fchrung der Arbeiten, w\u00e4hrend Sie sich auf das Erreichen Ihrer Gesch\u00e4ftsziele konzentrieren.\t\t\t\t\t\t<\/div>\n\t\t\t\t<\/div>\n\t\t\t\t<section class=\"elementor-section elementor-inner-section elementor-element elementor-element-2f5b59c3 elementor-section-boxed elementor-section-height-default elementor-section-height-default\" data-id=\"2f5b59c3\" data-element_type=\"section\">\n\t\t\t\t\t\t<div class=\"elementor-container elementor-column-gap-default\">\n\t\t\t\t\t<div class=\"elementor-column elementor-col-33 elementor-inner-column elementor-element elementor-element-6439d471\" data-id=\"6439d471\" data-element_type=\"column\">\n\t\t\t<div class=\"elementor-widget-wrap\">\n\t\t\t\t\t\t\t<\/div>\n\t\t<\/div>\n\t\t\t\t<div class=\"elementor-column elementor-col-33 elementor-inner-column elementor-element elementor-element-6e1a22e0\" data-id=\"6e1a22e0\" data-element_type=\"column\">\n\t\t\t<div class=\"elementor-widget-wrap\">\n\t\t\t\t\t\t\t<\/div>\n\t\t<\/div>\n\t\t\t\t<div class=\"elementor-column elementor-col-33 elementor-inner-column elementor-element elementor-element-2b4971fd\" data-id=\"2b4971fd\" data-element_type=\"column\">\n\t\t\t<div class=\"elementor-widget-wrap\">\n\t\t\t\t\t\t\t<\/div>\n\t\t<\/div>\n\t\t\t\t\t<\/div>\n\t\t<\/section>\n\t\t\t\t<section class=\"elementor-section elementor-inner-section elementor-element elementor-element-65901289 elementor-section-boxed elementor-section-height-default elementor-section-height-default\" data-id=\"65901289\" data-element_type=\"section\">\n\t\t\t\t\t\t<div class=\"elementor-container elementor-column-gap-default\">\n\t\t\t\t\t<div class=\"elementor-column elementor-col-33 elementor-inner-column elementor-element elementor-element-7f0d6314\" data-id=\"7f0d6314\" data-element_type=\"column\">\n\t\t\t<div class=\"elementor-widget-wrap\">\n\t\t\t\t\t\t\t<\/div>\n\t\t<\/div>\n\t\t\t\t<div class=\"elementor-column elementor-col-33 elementor-inner-column elementor-element elementor-element-46483d9\" data-id=\"46483d9\" data-element_type=\"column\">\n\t\t\t<div class=\"elementor-widget-wrap\">\n\t\t\t\t\t\t\t<\/div>\n\t\t<\/div>\n\t\t\t\t<div class=\"elementor-column elementor-col-33 elementor-inner-column elementor-element elementor-element-6886847a\" data-id=\"6886847a\" data-element_type=\"column\">\n\t\t\t<div class=\"elementor-widget-wrap\">\n\t\t\t\t\t\t\t<\/div>\n\t\t<\/div>\n\t\t\t\t\t<\/div>\n\t\t<\/section>\n\t\t\t\t\t<\/div>\n\t\t<\/div>\n\t\t\t\t\t<\/div>\n\t\t<\/section>\n\t\t\t\t<section class=\"elementor-section elementor-top-section elementor-element elementor-element-a6827ca elementor-section-boxed elementor-section-height-default elementor-section-height-default\" data-id=\"a6827ca\" data-element_type=\"section\">\n\t\t\t\t\t\t<div class=\"elementor-container elementor-column-gap-default\">\n\t\t\t\t\t<div class=\"elementor-column elementor-col-100 elementor-top-column elementor-element elementor-element-a170656 jobs\" data-id=\"a170656\" data-element_type=\"column\" data-settings=\"{&quot;background_background&quot;:&quot;classic&quot;}\">\n\t\t\t<div class=\"elementor-widget-wrap elementor-element-populated\">\n\t\t\t\t\t\t<div class=\"elementor-element elementor-element-448bd0f elementor-widget elementor-widget-heading\" data-id=\"448bd0f\" data-element_type=\"widget\" data-widget_type=\"heading.default\">\n\t\t\t\t<div class=\"elementor-widget-container\">\n\t\t\t<h2 class=\"elementor-heading-title elementor-size-default\">\u00dcber uns<\/h2>\t\t<\/div>\n\t\t\t\t<\/div>\n\t\t\t\t\t<\/div>\n\t\t<\/div>\n\t\t\t\t\t<\/div>\n\t\t<\/section>\n\t\t\t\t<section class=\"elementor-section elementor-top-section elementor-element elementor-element-742424c0 elementor-section-boxed elementor-section-height-default elementor-section-height-default\" data-id=\"742424c0\" data-element_type=\"section\">\n\t\t\t\t\t\t<div class=\"elementor-container elementor-column-gap-default\">\n\t\t\t\t\t<div class=\"elementor-column elementor-col-100 elementor-top-column elementor-element elementor-element-5822ff64\" data-id=\"5822ff64\" data-element_type=\"column\">\n\t\t\t<div class=\"elementor-widget-wrap elementor-element-populated\">\n\t\t\t\t\t\t<div class=\"elementor-element elementor-element-4cc8c4fc elementor-widget elementor-widget-text-editor\" data-id=\"4cc8c4fc\" data-element_type=\"widget\" data-widget_type=\"text-editor.default\">\n\t\t\t\t<div class=\"elementor-widget-container\">\n\t\t\t\t\t\t\tDie Firma KASTIS in Rhodos, die in der Vermietung von Kr\u00e4nen aller Art t\u00e4tig ist, ist ein Familienunternehmen, dessen Hauptanliegen der Fortschritt und die Modernisierung ist, um seine st\u00e4ndig wachsende Kundschaft voll zufrieden zu stellen.\n<br>\nUnser Unternehmen befindet sich auf einem Privatgrundst\u00fcck in Rhodos, in der Gegend von Koskinou. Wir verf\u00fcgen \u00fcber Maschinen verschiedener Typen, die sich in einem ausgezeichneten Zustand befinden und \u00fcber g\u00fcltige Betriebszertifikate verf\u00fcgen, die das korrekte und vor allem sichere Be- und Entladen, den Transport und das Heben aller Arten von G\u00fctern garantieren.\t\t\t\t\t\t<\/div>\n\t\t\t\t<\/div>\n\t\t\t\t\t<\/div>\n\t\t<\/div>\n\t\t\t\t\t<\/div>\n\t\t<\/section>\n\t\t\t\t<section class=\"elementor-section elementor-top-section elementor-element elementor-element-7829d7af elementor-section-boxed elementor-section-height-default elementor-section-height-default\" data-id=\"7829d7af\" data-element_type=\"section\">\n\t\t\t\t\t\t<div class=\"elementor-container elementor-column-gap-default\">\n\t\t\t\t\t<div class=\"elementor-column elementor-col-100 elementor-top-column elementor-element elementor-element-30d6576c jobs\" data-id=\"30d6576c\" data-element_type=\"column\" data-settings=\"{&quot;background_background&quot;:&quot;classic&quot;}\">\n\t\t\t<div class=\"elementor-widget-wrap elementor-element-populated\">\n\t\t\t\t\t\t<div class=\"elementor-element elementor-element-187784bb elementor-widget elementor-widget-heading\" data-id=\"187784bb\" data-element_type=\"widget\" data-widget_type=\"heading.default\">\n\t\t\t\t<div class=\"elementor-widget-container\">\n\t\t\t<h2 class=\"elementor-heading-title elementor-size-default\">Projekte<\/h2>\t\t<\/div>\n\t\t\t\t<\/div>\n\t\t\t\t\t<\/div>\n\t\t<\/div>\n\t\t\t\t\t<\/div>\n\t\t<\/section>\n\t\t\t\t<section class=\"elementor-section elementor-top-section elementor-element elementor-element-36eec781 elementor-section-boxed elementor-section-height-default elementor-section-height-default\" data-id=\"36eec781\" data-element_type=\"section\">\n\t\t\t\t\t\t<div class=\"elementor-container elementor-column-gap-default\">\n\t\t\t\t\t<div class=\"elementor-column elementor-col-100 elementor-top-column elementor-element elementor-element-6562dcc5\" data-id=\"6562dcc5\" data-element_type=\"column\">\n\t\t\t<div class=\"elementor-widget-wrap elementor-element-populated\">\n\t\t\t\t\t\t<div class=\"elementor-element elementor-element-f459d0f elementor-skin-carousel elementor-arrows-yes elementor-pagination-type-bullets elementor-pagination-position-outside elementor-widget elementor-widget-media-carousel\" data-id=\"f459d0f\" data-element_type=\"widget\" data-settings=\"{&quot;skin&quot;:&quot;carousel&quot;,&quot;effect&quot;:&quot;slide&quot;,&quot;show_arrows&quot;:&quot;yes&quot;,&quot;pagination&quot;:&quot;bullets&quot;,&quot;speed&quot;:500,&quot;autoplay&quot;:&quot;yes&quot;,&quot;autoplay_speed&quot;:5000,&quot;loop&quot;:&quot;yes&quot;,&quot;pause_on_hover&quot;:&quot;yes&quot;,&quot;pause_on_interaction&quot;:&quot;yes&quot;,&quot;space_between&quot;:{&quot;unit&quot;:&quot;px&quot;,&quot;size&quot;:10,&quot;sizes&quot;:[]},&quot;space_between_tablet&quot;:{&quot;unit&quot;:&quot;px&quot;,&quot;size&quot;:10,&quot;sizes&quot;:[]},&quot;space_between_mobile&quot;:{&quot;unit&quot;:&quot;px&quot;,&quot;size&quot;:10,&quot;sizes&quot;:[]}}\" data-widget_type=\"media-carousel.default\">\n\t\t\t\t<div class=\"elementor-widget-container\">\n\t\t\t\t\t<div class=\"elementor-swiper\">\n\t\t\t<div class=\"elementor-main-swiper swiper\">\n\t\t\t\t<div class=\"swiper-wrapper\">\n\t\t\t\t\t\t\t\t\t\t\t<div class=\"swiper-slide\">\n\t\t\t\t\t\t\t\t\t<div class=\"elementor-carousel-image\" role=\"img\" aria-label=\"IMG-2c4fa761460edd9cf8df959c9623fc13-V\" style=\"background-image: url(&#039;https:\/\/geranoikastis.com\/wp-content\/uploads\/2019\/08\/IMG-2c4fa761460edd9cf8df959c9623fc13-V.jpg&#039;)\">\n\n\t\t\t\n\t\t\t\t\t<\/div>\n\t\t\t\t\t\t\t\t<\/div>\n\t\t\t\t\t\t\t\t\t\t\t<div class=\"swiper-slide\">\n\t\t\t\t\t\t\t\t\t<div class=\"elementor-carousel-image\" role=\"img\" aria-label=\"IMG-eb46c1c03e85793cc98323144832653a-V\" style=\"background-image: url(&#039;https:\/\/geranoikastis.com\/wp-content\/uploads\/2019\/08\/IMG-eb46c1c03e85793cc98323144832653a-V.jpg&#039;)\">\n\n\t\t\t\n\t\t\t\t\t<\/div>\n\t\t\t\t\t\t\t\t<\/div>\n\t\t\t\t\t\t\t\t\t\t\t<div class=\"swiper-slide\">\n\t\t\t\t\t\t\t\t\t<div class=\"elementor-carousel-image\" role=\"img\" aria-label=\"0-02-05-b411d2d1ded9d81b9517b2b2611994d4024f2905c79cdf5d7a99e540e2b36247_21269a4f8f6\" style=\"background-image: url(&#039;https:\/\/geranoikastis.com\/wp-content\/uploads\/2024\/01\/0-02-05-b411d2d1ded9d81b9517b2b2611994d4024f2905c79cdf5d7a99e540e2b36247_21269a4f8f6.jpg&#039;)\">\n\n\t\t\t\n\t\t\t\t\t<\/div>\n\t\t\t\t\t\t\t\t<\/div>\n\t\t\t\t\t\t\t\t\t\t\t<div class=\"swiper-slide\">\n\t\t\t\t\t\t\t\t\t<div class=\"elementor-carousel-image\" role=\"img\" aria-label=\"IMG-69c76bfe372abb45e81cb622654611de-V\" style=\"background-image: url(&#039;https:\/\/geranoikastis.com\/wp-content\/uploads\/2019\/08\/IMG-69c76bfe372abb45e81cb622654611de-V.jpg&#039;)\">\n\n\t\t\t\n\t\t\t\t\t<\/div>\n\t\t\t\t\t\t\t\t<\/div>\n\t\t\t\t\t\t\t\t\t\t\t<div class=\"swiper-slide\">\n\t\t\t\t\t\t\t\t\t<div class=\"elementor-carousel-image\" role=\"img\" aria-label=\"IMG-7ff9be82fa320596d52109a2f90a0ea4-V\" style=\"background-image: url(&#039;https:\/\/geranoikastis.com\/wp-content\/uploads\/2019\/08\/IMG-7ff9be82fa320596d52109a2f90a0ea4-V.jpg&#039;)\">\n\n\t\t\t\n\t\t\t\t\t<\/div>\n\t\t\t\t\t\t\t\t<\/div>\n\t\t\t\t\t\t\t\t\t\t\t<div class=\"swiper-slide\">\n\t\t\t\t\t\t\t\t\t<div class=\"elementor-carousel-image\" role=\"img\" aria-label=\"IMG-7c545e3d44094d51717c45fb43afdefc-V\" style=\"background-image: url(&#039;https:\/\/geranoikastis.com\/wp-content\/uploads\/2019\/08\/IMG-7c545e3d44094d51717c45fb43afdefc-V.jpg&#039;)\">\n\n\t\t\t\n\t\t\t\t\t<\/div>\n\t\t\t\t\t\t\t\t<\/div>\n\t\t\t\t\t\t\t\t\t\t\t<div class=\"swiper-slide\">\n\t\t\t\t\t\t\t\t\t<div class=\"elementor-carousel-image\" role=\"img\" aria-label=\"FB_IMG_1542263033364\" style=\"background-image: url(&#039;https:\/\/geranoikastis.com\/wp-content\/uploads\/2018\/12\/FB_IMG_1542263033364.jpg&#039;)\">\n\n\t\t\t\n\t\t\t\t\t<\/div>\n\t\t\t\t\t\t\t\t<\/div>\n\t\t\t\t\t\t\t\t\t\t\t<div class=\"swiper-slide\">\n\t\t\t\t\t\t\t\t\t<div class=\"elementor-carousel-image\" role=\"img\" aria-label=\"received_582277208892840\" style=\"background-image: url(&#039;https:\/\/geranoikastis.com\/wp-content\/uploads\/2018\/12\/received_582277208892840.jpeg&#039;)\">\n\n\t\t\t\n\t\t\t\t\t<\/div>\n\t\t\t\t\t\t\t\t<\/div>\n\t\t\t\t\t\t\t\t\t\t\t<div class=\"swiper-slide\">\n\t\t\t\t\t\t\t\t\t<div class=\"elementor-carousel-image\" role=\"img\" aria-label=\"29542850_1005022569649070_8240814623465276983_n\" style=\"background-image: url(&#039;https:\/\/geranoikastis.com\/wp-content\/uploads\/2018\/12\/29542850_1005022569649070_8240814623465276983_n.jpg&#039;)\">\n\n\t\t\t\n\t\t\t\t\t<\/div>\n\t\t\t\t\t\t\t\t<\/div>\n\t\t\t\t\t\t\t\t\t\t\t<div class=\"swiper-slide\">\n\t\t\t\t\t\t\t\t\t<div class=\"elementor-carousel-image\" role=\"img\" aria-label=\"0-02-05-33520fc2901e1fa8c97f78b6a3ec36e380b5b7e8c8a041eca4af62cdbe5ef7cc_21269a42dc3\" style=\"background-image: url(&#039;https:\/\/geranoikastis.com\/wp-content\/uploads\/2024\/01\/0-02-05-33520fc2901e1fa8c97f78b6a3ec36e380b5b7e8c8a041eca4af62cdbe5ef7cc_21269a42dc3.jpg&#039;)\">\n\n\t\t\t\n\t\t\t\t\t<\/div>\n\t\t\t\t\t\t\t\t<\/div>\n\t\t\t\t\t\t\t\t\t<\/div>\n\t\t\t\t\t\t\t\t\t\t\t\t\t\t\t<div class=\"swiper-pagination\"><\/div>\n\t\t\t\t\t\t\t\t\t\t\t\t\t\t\t\t<div class=\"elementor-swiper-button elementor-swiper-button-prev\" role=\"button\" tabindex=\"0\">\n\t\t\t\t\t\t\t<i aria-hidden=\"true\" class=\"eicon-chevron-left\"><\/i>\t\t\t\t\t\t\t<span class=\"elementor-screen-only\">Vorherige<\/span>\n\t\t\t\t\t\t<\/div>\n\t\t\t\t\t\t<div class=\"elementor-swiper-button elementor-swiper-button-next\" role=\"button\" tabindex=\"0\">\n\t\t\t\t\t\t\t<i aria-hidden=\"true\" class=\"eicon-chevron-right\"><\/i>\t\t\t\t\t\t\t<span class=\"elementor-screen-only\">N\u00e4chste<\/span>\n\t\t\t\t\t\t<\/div>\n\t\t\t\t\t\t\t\t\t\t\t\t<\/div>\n\t\t<\/div>\n\t\t\t\t<\/div>\n\t\t\t\t<\/div>\n\t\t\t\t\t<\/div>\n\t\t<\/div>\n\t\t\t\t\t<\/div>\n\t\t<\/section>\n\t\t\t\t<\/div>","protected":false},"excerpt":{"rendered":"<p>W\u00e4hlen Sie sicheres Heben f\u00fcr Ihre Projekte. Wir von Cranes Castis in Rhodos bieten zuverl\u00e4ssige Hebe- und Lastentransferdienste mit moderner Ausr\u00fcstung und erfahrenen Bedienern. Wir sind da, um schnell, sicher und professionell auf Ihre Projektanforderungen zu reagieren. Mit Fachwissen, Pr\u00e4zision und schnellem Service in ganz Rhodos \u00fcbernehmen wir jede [...]<\/p>","protected":false},"author":1,"featured_media":0,"parent":0,"menu_order":0,"comment_status":"closed","ping_status":"closed","template":"","meta":{"footnotes":""},"_links":{"self":[{"href":"https:\/\/geranoikastis.com\/de\/wp-json\/wp\/v2\/pages\/372"}],"collection":[{"href":"https:\/\/geranoikastis.com\/de\/wp-json\/wp\/v2\/pages"}],"about":[{"href":"https:\/\/geranoikastis.com\/de\/wp-json\/wp\/v2\/types\/page"}],"author":[{"embeddable":true,"href":"https:\/\/geranoikastis.com\/de\/wp-json\/wp\/v2\/users\/1"}],"replies":[{"embeddable":true,"href":"https:\/\/geranoikastis.com\/de\/wp-json\/wp\/v2\/comments?post=372"}],"version-history":[{"count":0,"href":"https:\/\/geranoikastis.com\/de\/wp-json\/wp\/v2\/pages\/372\/revisions"}],"wp:attachment":[{"href":"https:\/\/geranoikastis.com\/de\/wp-json\/wp\/v2\/media?parent=372"}],"curies":[{"name":"wp","href":"https:\/\/api.w.org\/{rel}","templated":true}]}}